{"id":2701,"date":"2024-01-08T03:20:57","date_gmt":"2024-01-08T03:20:57","guid":{"rendered":"https:\/\/ashton-porter-27b1ea.ingress-haven.ewp.live\/index.php\/par-uznemumu\/"},"modified":"2024-01-09T13:28:29","modified_gmt":"2024-01-09T13:28:29","slug":"par-uznemumu","status":"publish","type":"page","link":"https:\/\/fineleafe.com\/lv\/par-uznemumu\/","title":{"rendered":"Par uz\u0146\u0113mumu"},"content":{"rendered":"\t\t<div data-elementor-type=\"wp-page\" data-elementor-id=\"2701\" class=\"elementor elementor-2701 elementor-2480\">\n\t\t\t\t<div class=\"elementor-element elementor-element-db3915a e-con-full e-flex e-con e-parent\" data-id=\"db3915a\" data-element_type=\"container\" data-settings=\"{&quot;background_background&quot;:&quot;classic&quot;}\">\n\t\t\t\t<div class=\"elementor-element elementor-element-f287961 elementor-widget elementor-widget-heading\" data-id=\"f287961\" data-element_type=\"widget\" data-widget_type=\"heading.default\">\n\t\t\t\t<div class=\"elementor-widget-container\">\n\t\t\t\t\t<h2 class=\"elementor-heading-title elementor-size-default\">Par uz\u0146\u0113mumu<\/h2>\t\t\t\t<\/div>\n\t\t\t\t<\/div>\n\t\t\t\t<div class=\"elementor-element elementor-element-7ab7fc9 elementor-widget__width-initial elementor-widget-tablet__width-inherit elementor-widget elementor-widget-text-editor\" data-id=\"7ab7fc9\" data-element_type=\"widget\" data-widget_type=\"text-editor.default\">\n\t\t\t\t<div class=\"elementor-widget-container\">\n\t\t\t\t\t\t\t\t\t<p>Fineleafe SIA tika izveidota ar m\u0113r\u0137i pal\u012bdz\u0113t jaunuz\u0146\u0113m\u0113jiem, k\u0101 ar\u012b maziem un vid\u0113jiem uz\u0146\u0113m\u0113jiem organiz\u0113t gr\u0101matved\u012bbas un finan\u0161u anal\u012bzi uz\u0146\u0113mum\u0101. M\u0113s sniedzam uz\u0146\u0113m\u0113jiem kvalitat\u012bvus pakalpojumus un konsult\u0101cijas par sapr\u0101t\u012bgu samaksu.<\/p>\n\t\t\t\t\t\t\t\t<\/div>\n\t\t\t\t<\/div>\n\t\t\t\t<\/div>\n\t\t<div class=\"elementor-element elementor-element-98a2c86 e-flex e-con-boxed e-con e-parent\" data-id=\"98a2c86\" data-element_type=\"container\">\n\t\t\t\t\t<div class=\"e-con-inner\">\n\t\t<div class=\"elementor-element elementor-element-23d0e6d e-con-full e-flex e-con e-child\" data-id=\"23d0e6d\" data-element_type=\"container\" data-settings=\"{&quot;background_background&quot;:&quot;classic&quot;}\">\n\t\t\t\t<\/div>\n\t\t<div class=\"elementor-element elementor-element-faac8a0 e-con-full e-flex e-con e-child\" data-id=\"faac8a0\" data-element_type=\"container\">\n\t\t\t\t<div class=\"elementor-element elementor-element-5a23ac6 elementor-widget elementor-widget-heading\" data-id=\"5a23ac6\" data-element_type=\"widget\" data-widget_type=\"heading.default\">\n\t\t\t\t<div class=\"elementor-widget-container\">\n\t\t\t\t\t<h3 class=\"elementor-heading-title elementor-size-default\">M\u016bsu uz\u0146\u0113mums pied\u0101v\u0101 gr\u0101matved\u012bbas pakalpojumu kompleksu:<\/h3>\t\t\t\t<\/div>\n\t\t\t\t<\/div>\n\t\t\t\t<div class=\"elementor-element elementor-element-06851de elementor-widget elementor-widget-text-editor\" data-id=\"06851de\" data-element_type=\"widget\" data-widget_type=\"text-editor.default\">\n\t\t\t\t<div class=\"elementor-widget-container\">\n\t\t\t\t\t\t\t\t\t<ul>\n<li>Gr\u0101matved\u012bbas pakalpojumi uz\u0146\u0113mumiem<\/li>\n<li>Nodok\u013cu un finan\u0161u konsult\u0101cijas<\/li>\n<li>Klienta intere\u0161u p\u0101rst\u0101v\u0113\u0161ana nodok\u013cu un finan\u0161u iest\u0101d\u0113s<\/li>\n<li>Konsult\u0101cijas uz\u0146\u0113m\u0113jiem &#8211; fizisk\u0101m person\u0101m par bankas konta atv\u0113r\u0161anu<\/li>\n<li>Bankas konta atv\u0113r\u0161anas pakalpojumi<\/li>\n<li>Konsult\u0101cijas par naudas atmazg\u0101\u0161anas nov\u0113r\u0161anas jeb AML (anti-money laundering) proced\u016bram<\/li>\n<\/ul>\n<p>M\u0113s b\u016bsim priec\u012bgi ar Jums sadarboties! M\u016bsu m\u0101jas lap\u0101 J\u016bs varat det\u0101liz\u0113ti iepaz\u012bties ar pied\u0101v\u0101tajiem pakalpojumiem. Fineleafe komand\u0101 str\u0101d\u0101 finansisti, gr\u0101matve\u017ei un ba\u0146\u0137ieri ar vair\u0101ku gadu pieredzi.<\/p>\n\t\t\t\t\t\t\t\t<\/div>\n\t\t\t\t<\/div>\n\t\t<div class=\"elementor-element elementor-element-c7b08af e-flex e-con-boxed e-con e-child\" data-id=\"c7b08af\" data-element_type=\"container\">\n\t\t\t\t\t<div class=\"e-con-inner\">\n\t\t\t\t<div class=\"elementor-element elementor-element-e58f10a elementor-widget elementor-widget-button\" data-id=\"e58f10a\" data-element_type=\"widget\" data-widget_type=\"button.default\">\n\t\t\t\t<div class=\"elementor-widget-container\">\n\t\t\t\t\t\t\t\t\t<div class=\"elementor-button-wrapper\">\n\t\t\t\t\t<a class=\"elementor-button elementor-button-link elementor-size-sm\" href=\"https:\/\/fineleafe.com\/lv\/musu-pakalpojumi\/\">\n\t\t\t\t\t\t<span class=\"elementor-button-content-wrapper\">\n\t\t\t\t\t\t\t\t\t<span class=\"elementor-button-text\">M\u016bsu pakalpojumi<\/span>\n\t\t\t\t\t<\/span>\n\t\t\t\t\t<\/a>\n\t\t\t\t<\/div>\n\t\t\t\t\t\t\t\t<\/div>\n\t\t\t\t<\/div>\n\t\t\t\t<div class=\"elementor-element elementor-element-c99bb0e elementor-widget elementor-widget-button\" data-id=\"c99bb0e\" data-element_type=\"widget\" data-widget_type=\"button.default\">\n\t\t\t\t<div class=\"elementor-widget-container\">\n\t\t\t\t\t\t\t\t\t<div class=\"elementor-button-wrapper\">\n\t\t\t\t\t<a class=\"elementor-button elementor-button-link elementor-size-sm\" href=\"https:\/\/fineleafe.com\/lv\/musu-cenas\/\">\n\t\t\t\t\t\t<span class=\"elementor-button-content-wrapper\">\n\t\t\t\t\t\t\t\t\t<span class=\"elementor-button-text\">M\u016bsu cenas<\/span>\n\t\t\t\t\t<\/span>\n\t\t\t\t\t<\/a>\n\t\t\t\t<\/div>\n\t\t\t\t\t\t\t\t<\/div>\n\t\t\t\t<\/div>\n\t\t\t\t\t<\/div>\n\t\t\t\t<\/div>\n\t\t\t\t<\/div>\n\t\t\t\t\t<\/div>\n\t\t\t\t<\/div>\n\t\t\t\t<\/div>\n\t\t","protected":false},"excerpt":{"rendered":"<p>Par uz\u0146\u0113mumu Fineleafe SIA tika izveidota ar m\u0113r\u0137i pal\u012bdz\u0113t jaunuz\u0146\u0113m\u0113jiem, k\u0101 ar\u012b maziem un vid\u0113jiem uz\u0146\u0113m\u0113jiem organiz\u0113t gr\u0101matved\u012bbas un finan\u0161u anal\u012bzi uz\u0146\u0113mum\u0101. M\u0113s sniedzam uz\u0146\u0113m\u0113jiem kvalitat\u012bvus pakalpojumus un konsult\u0101cijas par sapr\u0101t\u012bgu samaksu. M\u016bsu uz\u0146\u0113mums pied\u0101v\u0101 gr\u0101matved\u012bbas pakalpojumu kompleksu: Gr\u0101matved\u012bbas pakalpojumi uz\u0146\u0113mumiem Nodok\u013cu un finan\u0161u konsult\u0101cijas Klienta intere\u0161u p\u0101rst\u0101v\u0113\u0161ana nodok\u013cu un finan\u0161u iest\u0101d\u0113s Konsult\u0101cijas uz\u0146\u0113m\u0113jiem &#8211; [&hellip;]<\/p>\n","protected":false},"author":1,"featured_media":0,"parent":0,"menu_order":0,"comment_status":"closed","ping_status":"closed","template":"","meta":{"footnotes":""},"blocksy_meta":{"page_title_panel":"","has_hero_section":"disabled","1348bd85855b81dcd881952387fbfff3":"","hero_section":"type-1","hero_elements":[{"id":"custom_title","enabled":true,"heading_tag":"h1","title":"Home"},{"id":"custom_description","enabled":true,"description_visibility":{"desktop":true,"tablet":true,"mobile":false}},{"id":"custom_meta","enabled":false,"meta_elements":[{"id":"author","enabled":true,"label":"By","has_author_avatar":"yes","avatar_size":25},{"id":"post_date","enabled":true,"label":"On","date_format_source":"default","date_format":"M j, Y"},{"id":"updated_date","enabled":false,"label":"On","date_format_source":"default","date_format":"M j, Y"},{"id":"categories","enabled":false,"label":"In","style":"simple"},{"id":"comments","enabled":true}],"page_meta_elements":{"joined":true,"articles_count":true,"comments":true}},{"id":"breadcrumbs","enabled":false}],"a805f161490feab5a970285b6d8a3703":"","hero_alignment1":"CT_CSS_SKIP_RULE","hero_margin":40,"hero_alignment2":"center","hero_vertical_alignment":"center","8d2071de06d31a653841caeb8284e42a":"","hero_structure":"narrow","a896476aea69221c18d141df2521eff7":"","page_title_bg_type":"featured_image","custom_hero_background":{"attachment_id":null},"page_title_image_size":"full","parallax":{"desktop":false,"tablet":false,"mobile":false},"05024c116d81879aa8c98693ca726861":"","hero_height":"250px","pageTitleFont":{"family":"Default","variation":"Default","size":"30px","line-height":"CT_CSS_SKIP_RULE","letter-spacing":"CT_CSS_SKIP_RULE","text-transform":"CT_CSS_SKIP_RULE","text-decoration":"CT_CSS_SKIP_RULE"},"pageTitleFontColor":{"default":{"color":"CT_CSS_SKIP_RULEDEFAULT"}},"pageMetaFont":{"family":"Default","variation":"n6","size":"12px","line-height":"1.3","letter-spacing":"CT_CSS_SKIP_RULE","text-transform":"uppercase","text-decoration":"CT_CSS_SKIP_RULE"},"pageMetaFontColor":{"default":{"color":"CT_CSS_SKIP_RULEDEFAULT"},"hover":{"color":"CT_CSS_SKIP_RULEDEFAULT"}},"page_meta_button_type_font_colors":{"default":{"color":"CT_CSS_SKIP_RULEDEFAULT"},"hover":{"color":"CT_CSS_SKIP_RULEDEFAULT"}},"page_meta_button_type_background_colors":{"default":{"color":"CT_CSS_SKIP_RULEDEFAULT"},"hover":{"color":"CT_CSS_SKIP_RULEDEFAULT"}},"pageExcerptFont":{"family":"Default","variation":"Default","size":"CT_CSS_SKIP_RULE","line-height":"CT_CSS_SKIP_RULE","letter-spacing":"CT_CSS_SKIP_RULE","text-transform":"CT_CSS_SKIP_RULE","text-decoration":"CT_CSS_SKIP_RULE"},"pageExcerptColor":{"default":{"color":"CT_CSS_SKIP_RULEDEFAULT"}},"breadcrumbsFont":{"family":"Default","variation":"Default","size":"CT_CSS_SKIP_RULE","line-height":"CT_CSS_SKIP_RULE","letter-spacing":"CT_CSS_SKIP_RULE","text-transform":"CT_CSS_SKIP_RULE","text-decoration":"CT_CSS_SKIP_RULE"},"breadcrumbsFontColor":{"default":{"color":"CT_CSS_SKIP_RULEDEFAULT"},"initial":{"color":"CT_CSS_SKIP_RULEDEFAULT"},"hover":{"color":"CT_CSS_SKIP_RULEDEFAULT"}},"pageTitleOverlay":{"background_type":"color","background_pattern":"type-1","background_image":{"attachment_id":null,"x":0,"y":0},"gradient":"linear-gradient(135deg,rgba(6,147,227,1) 0%,rgb(155,81,224) 100%)","background_repeat":"repeat","background_size":"auto","background_attachment":"scroll","patternColor":{"default":{"color":"#e5e7ea"}},"overlayColor":{"default":{"color":"CT_CSS_SKIP_RULE"}},"backgroundColor":{"default":{"color":"CT_CSS_SKIP_RULE"}}},"pageTitleBackground":{"background_type":"color","background_pattern":"type-1","background_image":{"attachment_id":null,"x":0,"y":0},"gradient":"linear-gradient(135deg,rgba(6,147,227,1) 0%,rgb(155,81,224) 100%)","background_repeat":"repeat","background_size":"auto","background_attachment":"scroll","patternColor":{"default":{"color":"#e5e7ea"}},"overlayColor":{"default":{"color":"CT_CSS_SKIP_RULE"}},"backgroundColor":{"default":{"color":"var(--theme-palette-color-6)"}}},"pageTitlePadding":{"top":"50px","bottom":"50px","left":"auto","right":"auto","linked":true},"f179df41d36b4783ec7c27518c0404d3":"","page_structure_type":"default","a42e2c363068748cb6acb5eb6d811519":"","content_style_source":"inherit","content_style":"wide","vertical_spacing_source":"custom","content_area_spacing":"none","background":{"background_type":"color","background_pattern":"type-1","background_image":{"attachment_id":null,"x":0,"y":0},"gradient":"linear-gradient(135deg,rgba(6,147,227,1) 0%,rgb(155,81,224) 100%)","background_repeat":"repeat","background_size":"auto","background_attachment":"scroll","patternColor":{"default":{"color":"#e5e7ea"}},"overlayColor":{"default":{"color":"CT_CSS_SKIP_RULE"}},"backgroundColor":{"default":{"color":"CT_CSS_SKIP_RULE"}}},"content_background":{"background_type":"color","background_pattern":"type-1","background_image":{"attachment_id":null,"x":0,"y":0},"gradient":"linear-gradient(135deg,rgba(6,147,227,1) 0%,rgb(155,81,224) 100%)","background_repeat":"repeat","background_size":"auto","background_attachment":"scroll","patternColor":{"default":{"color":"#e5e7ea"}},"overlayColor":{"default":{"color":"CT_CSS_SKIP_RULE"}},"backgroundColor":{"default":{"color":"var(--theme-palette-color-8)"}}},"content_boxed_shadow":{"inherit":false,"blur":18,"spread":-6,"v_offset":12,"h_offset":0,"inset":false,"enable":true,"color":{"color":"rgba(34, 56, 101, 0.04)"}},"content_boxed_border":{"width":1,"style":"none","color":{"color":"rgba(44,62,80,0.2)"}},"content_boxed_radius":{"top":"3px","bottom":"3px","left":"3px","right":"3px","linked":true},"boxed_content_spacing":{"desktop":{"top":"40px","bottom":"40px","left":"40px","right":"40px","linked":true},"tablet":{"top":"35px","bottom":"35px","left":"35px","right":"35px","linked":true},"mobile":{"top":"20px","bottom":"20px","left":"20px","right":"20px","linked":true}},"230d18ae9fa164ec53cdcc8337b3ace7":"","disable_featured_image":"no","disable_share_box":"no","disable_header":"no","disable_footer":"no","styles_descriptor":{"styles":{"desktop":"","tablet":"","mobile":""},"google_fonts":[],"version":6}},"yoast_head":"<!-- This site is optimized with the Yoast SEO plugin v21.8 - https:\/\/yoast.com\/wordpress\/plugins\/seo\/ -->\n<title>Par uz\u0146\u0113mumu | Fineleafe SIA<\/title>\n<meta name=\"description\" content=\"Iepaz\u012bstieties ar Fineleafe profesion\u0101lajiem gr\u0101matved\u012bbas, nodok\u013cu konsult\u0101ciju un finan\u0161u anal\u012bzes pakalpojumiem MVU un uz\u0146\u0113m\u0113jiem. Iepaz\u012bstieties ar m\u016bsu pieredz\u0113ju\u0161o profesion\u0101\u013cu komandu.\" \/>\n<meta name=\"robots\" content=\"index, follow, max-snippet:-1, max-image-preview:large, max-video-preview:-1\" \/>\n<link rel=\"canonical\" href=\"https:\/\/fineleafe.com\/lv\/par-uznemumu\/\" \/>\n<meta property=\"og:locale\" content=\"lv_LV\" \/>\n<meta property=\"og:type\" content=\"article\" \/>\n<meta property=\"og:title\" content=\"Par uz\u0146\u0113mumu | Fineleafe SIA\" \/>\n<meta property=\"og:description\" content=\"Iepaz\u012bstieties ar Fineleafe profesion\u0101lajiem gr\u0101matved\u012bbas, nodok\u013cu konsult\u0101ciju un finan\u0161u anal\u012bzes pakalpojumiem MVU un uz\u0146\u0113m\u0113jiem. Iepaz\u012bstieties ar m\u016bsu pieredz\u0113ju\u0161o profesion\u0101\u013cu komandu.\" \/>\n<meta property=\"og:url\" content=\"https:\/\/fineleafe.com\/lv\/par-uznemumu\/\" \/>\n<meta property=\"og:site_name\" content=\"Fineleafe\" \/>\n<meta property=\"article:modified_time\" content=\"2024-01-09T13:28:29+00:00\" \/>\n<meta name=\"twitter:card\" content=\"summary_large_image\" \/>\n<meta name=\"twitter:label1\" content=\"Est. reading time\" \/>\n\t<meta name=\"twitter:data1\" content=\"1 minute\" \/>\n<script type=\"application\/ld+json\" class=\"yoast-schema-graph\">{\"@context\":\"https:\/\/schema.org\",\"@graph\":[{\"@type\":\"WebPage\",\"@id\":\"https:\/\/fineleafe.com\/lv\/par-uznemumu\/\",\"url\":\"https:\/\/fineleafe.com\/lv\/par-uznemumu\/\",\"name\":\"Par uz\u0146\u0113mumu | Fineleafe SIA\",\"isPartOf\":{\"@id\":\"https:\/\/fineleafe.com\/lv\/#website\"},\"datePublished\":\"2024-01-08T03:20:57+00:00\",\"dateModified\":\"2024-01-09T13:28:29+00:00\",\"description\":\"Iepaz\u012bstieties ar Fineleafe profesion\u0101lajiem gr\u0101matved\u012bbas, nodok\u013cu konsult\u0101ciju un finan\u0161u anal\u012bzes pakalpojumiem MVU un uz\u0146\u0113m\u0113jiem. Iepaz\u012bstieties ar m\u016bsu pieredz\u0113ju\u0161o profesion\u0101\u013cu komandu.\",\"breadcrumb\":{\"@id\":\"https:\/\/fineleafe.com\/lv\/par-uznemumu\/#breadcrumb\"},\"inLanguage\":\"lv-LV\",\"potentialAction\":[{\"@type\":\"ReadAction\",\"target\":[\"https:\/\/fineleafe.com\/lv\/par-uznemumu\/\"]}]},{\"@type\":\"BreadcrumbList\",\"@id\":\"https:\/\/fineleafe.com\/lv\/par-uznemumu\/#breadcrumb\",\"itemListElement\":[{\"@type\":\"ListItem\",\"position\":1,\"name\":\"Home\",\"item\":\"https:\/\/fineleafe.com\/lv\/galvena\/\"},{\"@type\":\"ListItem\",\"position\":2,\"name\":\"Par uz\u0146\u0113mumu\"}]},{\"@type\":\"WebSite\",\"@id\":\"https:\/\/fineleafe.com\/lv\/#website\",\"url\":\"https:\/\/fineleafe.com\/lv\/\",\"name\":\"Fineleafe\",\"description\":\"\",\"publisher\":{\"@id\":\"https:\/\/fineleafe.com\/lv\/#organization\"},\"potentialAction\":[{\"@type\":\"SearchAction\",\"target\":{\"@type\":\"EntryPoint\",\"urlTemplate\":\"https:\/\/fineleafe.com\/lv\/?s={search_term_string}\"},\"query-input\":\"required name=search_term_string\"}],\"inLanguage\":\"lv-LV\"},{\"@type\":\"Organization\",\"@id\":\"https:\/\/fineleafe.com\/lv\/#organization\",\"name\":\"Fineleafe\",\"url\":\"https:\/\/fineleafe.com\/lv\/\",\"logo\":{\"@type\":\"ImageObject\",\"inLanguage\":\"lv-LV\",\"@id\":\"https:\/\/fineleafe.com\/lv\/#\/schema\/logo\/image\/\",\"url\":\"https:\/\/fineleafe.com\/wp-content\/uploads\/2024\/01\/fineleafe_logo_b.png\",\"contentUrl\":\"https:\/\/fineleafe.com\/wp-content\/uploads\/2024\/01\/fineleafe_logo_b.png\",\"width\":738,\"height\":94,\"caption\":\"Fineleafe\"},\"image\":{\"@id\":\"https:\/\/fineleafe.com\/lv\/#\/schema\/logo\/image\/\"}}]}<\/script>\n<!-- \/ Yoast SEO plugin. -->","yoast_head_json":{"title":"Par uz\u0146\u0113mumu | Fineleafe SIA","description":"Iepaz\u012bstieties ar Fineleafe profesion\u0101lajiem gr\u0101matved\u012bbas, nodok\u013cu konsult\u0101ciju un finan\u0161u anal\u012bzes pakalpojumiem MVU un uz\u0146\u0113m\u0113jiem. Iepaz\u012bstieties ar m\u016bsu pieredz\u0113ju\u0161o profesion\u0101\u013cu komandu.","robots":{"index":"index","follow":"follow","max-snippet":"max-snippet:-1","max-image-preview":"max-image-preview:large","max-video-preview":"max-video-preview:-1"},"canonical":"https:\/\/fineleafe.com\/lv\/par-uznemumu\/","og_locale":"lv_LV","og_type":"article","og_title":"Par uz\u0146\u0113mumu | Fineleafe SIA","og_description":"Iepaz\u012bstieties ar Fineleafe profesion\u0101lajiem gr\u0101matved\u012bbas, nodok\u013cu konsult\u0101ciju un finan\u0161u anal\u012bzes pakalpojumiem MVU un uz\u0146\u0113m\u0113jiem. Iepaz\u012bstieties ar m\u016bsu pieredz\u0113ju\u0161o profesion\u0101\u013cu komandu.","og_url":"https:\/\/fineleafe.com\/lv\/par-uznemumu\/","og_site_name":"Fineleafe","article_modified_time":"2024-01-09T13:28:29+00:00","twitter_card":"summary_large_image","twitter_misc":{"Est. reading time":"1 minute"},"schema":{"@context":"https:\/\/schema.org","@graph":[{"@type":"WebPage","@id":"https:\/\/fineleafe.com\/lv\/par-uznemumu\/","url":"https:\/\/fineleafe.com\/lv\/par-uznemumu\/","name":"Par uz\u0146\u0113mumu | Fineleafe SIA","isPartOf":{"@id":"https:\/\/fineleafe.com\/lv\/#website"},"datePublished":"2024-01-08T03:20:57+00:00","dateModified":"2024-01-09T13:28:29+00:00","description":"Iepaz\u012bstieties ar Fineleafe profesion\u0101lajiem gr\u0101matved\u012bbas, nodok\u013cu konsult\u0101ciju un finan\u0161u anal\u012bzes pakalpojumiem MVU un uz\u0146\u0113m\u0113jiem. Iepaz\u012bstieties ar m\u016bsu pieredz\u0113ju\u0161o profesion\u0101\u013cu komandu.","breadcrumb":{"@id":"https:\/\/fineleafe.com\/lv\/par-uznemumu\/#breadcrumb"},"inLanguage":"lv-LV","potentialAction":[{"@type":"ReadAction","target":["https:\/\/fineleafe.com\/lv\/par-uznemumu\/"]}]},{"@type":"BreadcrumbList","@id":"https:\/\/fineleafe.com\/lv\/par-uznemumu\/#breadcrumb","itemListElement":[{"@type":"ListItem","position":1,"name":"Home","item":"https:\/\/fineleafe.com\/lv\/galvena\/"},{"@type":"ListItem","position":2,"name":"Par uz\u0146\u0113mumu"}]},{"@type":"WebSite","@id":"https:\/\/fineleafe.com\/lv\/#website","url":"https:\/\/fineleafe.com\/lv\/","name":"Fineleafe","description":"","publisher":{"@id":"https:\/\/fineleafe.com\/lv\/#organization"},"potentialAction":[{"@type":"SearchAction","target":{"@type":"EntryPoint","urlTemplate":"https:\/\/fineleafe.com\/lv\/?s={search_term_string}"},"query-input":"required name=search_term_string"}],"inLanguage":"lv-LV"},{"@type":"Organization","@id":"https:\/\/fineleafe.com\/lv\/#organization","name":"Fineleafe","url":"https:\/\/fineleafe.com\/lv\/","logo":{"@type":"ImageObject","inLanguage":"lv-LV","@id":"https:\/\/fineleafe.com\/lv\/#\/schema\/logo\/image\/","url":"https:\/\/fineleafe.com\/wp-content\/uploads\/2024\/01\/fineleafe_logo_b.png","contentUrl":"https:\/\/fineleafe.com\/wp-content\/uploads\/2024\/01\/fineleafe_logo_b.png","width":738,"height":94,"caption":"Fineleafe"},"image":{"@id":"https:\/\/fineleafe.com\/lv\/#\/schema\/logo\/image\/"}}]}},"_links":{"self":[{"href":"https:\/\/fineleafe.com\/lv\/wp-json\/wp\/v2\/pages\/2701"}],"collection":[{"href":"https:\/\/fineleafe.com\/lv\/wp-json\/wp\/v2\/pages"}],"about":[{"href":"https:\/\/fineleafe.com\/lv\/wp-json\/wp\/v2\/types\/page"}],"author":[{"embeddable":true,"href":"https:\/\/fineleafe.com\/lv\/wp-json\/wp\/v2\/users\/1"}],"replies":[{"embeddable":true,"href":"https:\/\/fineleafe.com\/lv\/wp-json\/wp\/v2\/comments?post=2701"}],"version-history":[{"count":12,"href":"https:\/\/fineleafe.com\/lv\/wp-json\/wp\/v2\/pages\/2701\/revisions"}],"predecessor-version":[{"id":2817,"href":"https:\/\/fineleafe.com\/lv\/wp-json\/wp\/v2\/pages\/2701\/revisions\/2817"}],"wp:attachment":[{"href":"https:\/\/fineleafe.com\/lv\/wp-json\/wp\/v2\/media?parent=2701"}],"curies":[{"name":"wp","href":"https:\/\/api.w.org\/{rel}","templated":true}]}}